{"id":686,"date":"2025-09-01T09:03:13","date_gmt":"2025-09-01T09:03:13","guid":{"rendered":"https:\/\/byggis.iwn.co\/forsaljning\/"},"modified":"2025-09-05T16:14:38","modified_gmt":"2025-09-05T16:14:38","slug":"forsaljning","status":"publish","type":"page","link":"https:\/\/byggis.fi\/sv\/forsaljning\/","title":{"rendered":"F\u00f6rs\u00e4ljning"},"content":{"rendered":"\n<section id=\"g-3g7re33\" class=\"wp-block-gutentor-m3 alignfull section-g-3g7re33 gutentor-module gutentor-container-cover\"><div class=\"grid-container\">\n<section id=\"g-h2hmiyi\" class=\"wp-block-gutentor-m4 section-g-h2hmiyi gutentor-module gutentor-advanced-columns\"><div class=\"grid-container\"><div class=\"grid-row\">\n<div id=\"col-g-etdngqe\" class=\"wp-block-gutentor-m4-col col-g-etdngqe gutentor-single-column  grid-lg-6 grid-md-6 grid-12\"><div id=\"section-g-etdngqe\" class=\"section-g-etdngqe gutentor-col-wrap\">\n<div id=\"section-g-dgd15z7\" class=\"wp-block-gutentor-e1 section-g-dgd15z7 gutentor-element gutentor-element-advanced-text\"><div class=\"gutentor-text-wrap\"><h2 class=\"gutentor-text\">F\u00f6rs\u00e4ljning<\/h2><\/div><\/div>\n\n\n\n<div id=\"section-g-e1xhmkv\" class=\"wp-block-gutentor-e0 section-g-e1xhmkv gutentor-element gutentor-element-advanced-text\"><div class=\"gutentor-text-wrap\"><p class=\"gutentor-text\">Dalsbruks byggtj\u00e4nst ab \u00e4r ett litet men dynamisk f\u00f6retag i byggnadsbranschen. <br><br>V\u00e5r verksamhet omfattar f\u00f6rs\u00e4ljning av byggnadsmaterial och -utrustning samt en egen byggnadsavdelning med stor erfarenhet av komplicerade byggnationer i sk\u00e4rg\u00e5rdsmilj\u00f6.<br><br><strong>De leveranstider vi lovar s\u00e5 h\u00e5ller vi!<\/strong><br><br>Materialet du beh\u00f6ver d\u00e5 du bygger hittar du hos oss. <br>Vi tillhandahar ett brett sortiment av specialartiklar f\u00f6r sk\u00e4rg\u00e5rdsbygge. Det vi inte har p\u00e5 hylla kan best\u00e4llas och levereras som snabbast inom n\u00e5gra timmar. Vi har \u00e4ven ett brett sortiment av inpregnerat virke. <br><br>Vi transporterar material b\u00e5de land och sj\u00f6v\u00e4gen.<br><br><strong>Hos os hitter du bland annat:<\/strong><\/p><\/div><\/div>\n\n\n\n<div id=\"section-g-jc7x7jq\" class=\"wp-block-gutentor-e1 section-g-jc7x7jq gutentor-element gutentor-element-advanced-text\"><div class=\"gutentor-text-wrap\"><h3 class=\"gutentor-text\">Hos oss hittar ni:<\/h3><\/div><\/div>\n\n\n\n<div id=\"section-g-vnv93t9\" class=\"wp-block-gutentor-e7 section-g-vnv93t9 gutentor-element gutentor-element-list\"><ul class=\"grid-row gutentor-grid-item-wrap list-indicator-icon\"><li class=\"gutentor-list-item grid-lg-12 grid-md-12 grid-12\"><span class=\"gutentor-single-item gutentor-single-item-0\"><span class=\"gutentor-list-item-wrap g-s-list-wrap\"><span class=\"gutentor-single-list-item-icon\"><i class=\"list-item-icon far fa-check-circle\"><\/i><\/span><span class=\"gutentor-list-item\"><p class=\"gutentor-single-item-title\">S\u00e5gat, hyvlat virke och lister<\/p><\/span><\/span><\/span><\/li><li class=\"gutentor-list-item grid-lg-12 grid-md-12 grid-12\"><span class=\"gutentor-single-item gutentor-single-item-1\"><span class=\"gutentor-list-item-wrap g-s-list-wrap\"><span class=\"gutentor-single-list-item-icon\"><i class=\"list-item-icon far fa-check-circle\"><\/i><\/span><span class=\"gutentor-list-item\"><p class=\"gutentor-single-item-title\">Impregnerat virke<\/p><\/span><\/span><\/span><\/li><li class=\"gutentor-list-item grid-lg-12 grid-md-12 grid-12\"><span class=\"gutentor-single-item gutentor-single-item-2\"><span class=\"gutentor-list-item-wrap g-s-list-wrap\"><span class=\"gutentor-single-list-item-icon\"><i class=\"list-item-icon far fa-check-circle\"><\/i><\/span><span class=\"gutentor-list-item\"><p class=\"gutentor-single-item-title\">J\u00e4rnvaror, spikar, skruvar och bultar<\/p><\/span><\/span><\/span><\/li><li class=\"gutentor-list-item grid-lg-12 grid-md-12 grid-12\"><span class=\"gutentor-single-item gutentor-single-item-3\"><span class=\"gutentor-list-item-wrap g-s-list-wrap\"><span class=\"gutentor-single-list-item-icon\"><i class=\"list-item-icon far fa-check-circle\"><\/i><\/span><span class=\"gutentor-list-item\"><p class=\"gutentor-single-item-title\">Tikkurilas f\u00e4rger<\/p><\/span><\/span><\/span><\/li><li class=\"gutentor-list-item grid-lg-12 grid-md-12 grid-12\"><span class=\"gutentor-single-item gutentor-single-item-4\"><span class=\"gutentor-list-item-wrap g-s-list-wrap\"><span class=\"gutentor-single-list-item-icon\"><i class=\"list-item-icon far fa-check-circle\"><\/i><\/span><span class=\"gutentor-list-item\"><p class=\"gutentor-single-item-title\">Virtanens oljef\u00e4rger<\/p><\/span><\/span><\/span><\/li><li class=\"gutentor-list-item grid-lg-12 grid-md-12 grid-12\"><span class=\"gutentor-single-item gutentor-single-item-5\"><span class=\"gutentor-list-item-wrap g-s-list-wrap\"><span class=\"gutentor-single-list-item-icon\"><i class=\"list-item-icon far fa-check-circle\"><\/i><\/span><span class=\"gutentor-list-item\"><p class=\"gutentor-single-item-title\">Torrbetong och-bruk<\/p><\/span><\/span><\/span><\/li><\/ul><\/div>\n<\/div><\/div>\n\n\n\n<div id=\"col-g-1u1977n\" class=\"wp-block-gutentor-m4-col col-g-1u1977n gutentor-single-column  grid-lg-6 grid-md-6 grid-12\"><div id=\"section-g-1u1977n\" class=\"section-g-1u1977n gutentor-col-wrap\">\n<div id=\"section-g-e8k1ui2\" class=\"wp-block-gutentor-e6 section-g-e8k1ui2 gutentor-element gutentor-element-image\"><div class=\"gutentor-element-image-box\"><div class=\"gutentor-image-thumb\"><img decoding=\"async\" class=\"normal-image\" src=\"https:\/\/byggis.fi\/wp-content\/uploads\/2025\/09\/IMG_0864-e1548061478390-scaled.jpg\" \/><\/div><\/div><\/div>\n<\/div><\/div>\n<\/div><\/div><\/section>\n<\/div><\/section>\n","protected":false},"excerpt":{"rendered":"","protected":false},"author":3,"featured_media":0,"parent":0,"menu_order":0,"comment_status":"closed","ping_status":"closed","template":"","meta":{"_acf_changed":false,"footnotes":""},"class_list":["post-686","page","type-page","status-publish"],"acf":[],"yoast_head":"<!-- This site is optimized with the Yoast SEO plugin v27.3 - https:\/\/yoast.com\/product\/yoast-seo-wordpress\/ -->\n<title>F\u00f6rs\u00e4ljning - Byggis<\/title>\n<meta name=\"robots\" content=\"index, follow, max-snippet:-1, max-image-preview:large, max-video-preview:-1\" \/>\n<link rel=\"canonical\" href=\"https:\/\/byggis.fi\/sv\/forsaljning\/\" \/>\n<meta property=\"og:locale\" content=\"sv_SE\" \/>\n<meta property=\"og:type\" content=\"article\" \/>\n<meta property=\"og:title\" content=\"F\u00f6rs\u00e4ljning - Byggis\" \/>\n<meta property=\"og:url\" content=\"https:\/\/byggis.fi\/sv\/forsaljning\/\" \/>\n<meta property=\"og:site_name\" content=\"Byggis\" \/>\n<meta property=\"article:modified_time\" content=\"2025-09-05T16:14:38+00:00\" \/>\n<meta property=\"og:image\" content=\"https:\/\/byggis.fi\/wp-content\/uploads\/2025\/09\/IMG_0864-e1548061478390-scaled.jpg\" \/>\n<meta name=\"twitter:card\" content=\"summary_large_image\" \/>\n<meta name=\"twitter:label1\" content=\"Ber\u00e4knad l\u00e4stid\" \/>\n\t<meta name=\"twitter:data1\" content=\"1 minut\" \/>\n<script type=\"application\/ld+json\" class=\"yoast-schema-graph\">{\"@context\":\"https:\\\/\\\/schema.org\",\"@graph\":[{\"@type\":\"WebPage\",\"@id\":\"https:\\\/\\\/byggis.fi\\\/sv\\\/forsaljning\\\/\",\"url\":\"https:\\\/\\\/byggis.fi\\\/sv\\\/forsaljning\\\/\",\"name\":\"F\u00f6rs\u00e4ljning - Byggis\",\"isPartOf\":{\"@id\":\"https:\\\/\\\/byggis.fi\\\/#website\"},\"primaryImageOfPage\":{\"@id\":\"https:\\\/\\\/byggis.fi\\\/sv\\\/forsaljning\\\/#primaryimage\"},\"image\":{\"@id\":\"https:\\\/\\\/byggis.fi\\\/sv\\\/forsaljning\\\/#primaryimage\"},\"thumbnailUrl\":\"https:\\\/\\\/byggis.fi\\\/wp-content\\\/uploads\\\/2025\\\/09\\\/IMG_0864-e1548061478390-scaled.jpg\",\"datePublished\":\"2025-09-01T09:03:13+00:00\",\"dateModified\":\"2025-09-05T16:14:38+00:00\",\"breadcrumb\":{\"@id\":\"https:\\\/\\\/byggis.fi\\\/sv\\\/forsaljning\\\/#breadcrumb\"},\"inLanguage\":\"sv-SE\",\"potentialAction\":[{\"@type\":\"ReadAction\",\"target\":[\"https:\\\/\\\/byggis.fi\\\/sv\\\/forsaljning\\\/\"]}]},{\"@type\":\"ImageObject\",\"inLanguage\":\"sv-SE\",\"@id\":\"https:\\\/\\\/byggis.fi\\\/sv\\\/forsaljning\\\/#primaryimage\",\"url\":\"https:\\\/\\\/byggis.fi\\\/wp-content\\\/uploads\\\/2025\\\/09\\\/IMG_0864-e1548061478390-scaled.jpg\",\"contentUrl\":\"https:\\\/\\\/byggis.fi\\\/wp-content\\\/uploads\\\/2025\\\/09\\\/IMG_0864-e1548061478390-scaled.jpg\"},{\"@type\":\"BreadcrumbList\",\"@id\":\"https:\\\/\\\/byggis.fi\\\/sv\\\/forsaljning\\\/#breadcrumb\",\"itemListElement\":[{\"@type\":\"ListItem\",\"position\":1,\"name\":\"Etusivu\",\"item\":\"https:\\\/\\\/byggis.fi\\\/sv\\\/startsida\\\/\"},{\"@type\":\"ListItem\",\"position\":2,\"name\":\"F\u00f6rs\u00e4ljning\"}]},{\"@type\":\"WebSite\",\"@id\":\"https:\\\/\\\/byggis.fi\\\/#website\",\"url\":\"https:\\\/\\\/byggis.fi\\\/\",\"name\":\"Byggis\",\"description\":\"Taalintehtaan rakennuspalvelu Oy on pieni mutta dynaaminen rakennusalan yritys\",\"publisher\":{\"@id\":\"https:\\\/\\\/byggis.fi\\\/#organization\"},\"potentialAction\":[{\"@type\":\"SearchAction\",\"target\":{\"@type\":\"EntryPoint\",\"urlTemplate\":\"https:\\\/\\\/byggis.fi\\\/?s={search_term_string}\"},\"query-input\":{\"@type\":\"PropertyValueSpecification\",\"valueRequired\":true,\"valueName\":\"search_term_string\"}}],\"inLanguage\":\"sv-SE\"},{\"@type\":\"Organization\",\"@id\":\"https:\\\/\\\/byggis.fi\\\/#organization\",\"name\":\"Taalintehtaan Rakennuspalvelu Oy\",\"url\":\"https:\\\/\\\/byggis.fi\\\/\",\"logo\":{\"@type\":\"ImageObject\",\"inLanguage\":\"sv-SE\",\"@id\":\"https:\\\/\\\/byggis.fi\\\/#\\\/schema\\\/logo\\\/image\\\/\",\"url\":\"https:\\\/\\\/byggis.fi\\\/wp-content\\\/uploads\\\/2025\\\/09\\\/logo.jpg\",\"contentUrl\":\"https:\\\/\\\/byggis.fi\\\/wp-content\\\/uploads\\\/2025\\\/09\\\/logo.jpg\",\"width\":178,\"height\":74,\"caption\":\"Taalintehtaan Rakennuspalvelu Oy\"},\"image\":{\"@id\":\"https:\\\/\\\/byggis.fi\\\/#\\\/schema\\\/logo\\\/image\\\/\"}}]}<\/script>\n<!-- \/ Yoast SEO plugin. -->","yoast_head_json":{"title":"F\u00f6rs\u00e4ljning - Byggis","robots":{"index":"index","follow":"follow","max-snippet":"max-snippet:-1","max-image-preview":"max-image-preview:large","max-video-preview":"max-video-preview:-1"},"canonical":"https:\/\/byggis.fi\/sv\/forsaljning\/","og_locale":"sv_SE","og_type":"article","og_title":"F\u00f6rs\u00e4ljning - Byggis","og_url":"https:\/\/byggis.fi\/sv\/forsaljning\/","og_site_name":"Byggis","article_modified_time":"2025-09-05T16:14:38+00:00","og_image":[{"url":"https:\/\/byggis.fi\/wp-content\/uploads\/2025\/09\/IMG_0864-e1548061478390-scaled.jpg","type":"","width":"","height":""}],"twitter_card":"summary_large_image","twitter_misc":{"Ber\u00e4knad l\u00e4stid":"1 minut"},"schema":{"@context":"https:\/\/schema.org","@graph":[{"@type":"WebPage","@id":"https:\/\/byggis.fi\/sv\/forsaljning\/","url":"https:\/\/byggis.fi\/sv\/forsaljning\/","name":"F\u00f6rs\u00e4ljning - Byggis","isPartOf":{"@id":"https:\/\/byggis.fi\/#website"},"primaryImageOfPage":{"@id":"https:\/\/byggis.fi\/sv\/forsaljning\/#primaryimage"},"image":{"@id":"https:\/\/byggis.fi\/sv\/forsaljning\/#primaryimage"},"thumbnailUrl":"https:\/\/byggis.fi\/wp-content\/uploads\/2025\/09\/IMG_0864-e1548061478390-scaled.jpg","datePublished":"2025-09-01T09:03:13+00:00","dateModified":"2025-09-05T16:14:38+00:00","breadcrumb":{"@id":"https:\/\/byggis.fi\/sv\/forsaljning\/#breadcrumb"},"inLanguage":"sv-SE","potentialAction":[{"@type":"ReadAction","target":["https:\/\/byggis.fi\/sv\/forsaljning\/"]}]},{"@type":"ImageObject","inLanguage":"sv-SE","@id":"https:\/\/byggis.fi\/sv\/forsaljning\/#primaryimage","url":"https:\/\/byggis.fi\/wp-content\/uploads\/2025\/09\/IMG_0864-e1548061478390-scaled.jpg","contentUrl":"https:\/\/byggis.fi\/wp-content\/uploads\/2025\/09\/IMG_0864-e1548061478390-scaled.jpg"},{"@type":"BreadcrumbList","@id":"https:\/\/byggis.fi\/sv\/forsaljning\/#breadcrumb","itemListElement":[{"@type":"ListItem","position":1,"name":"Etusivu","item":"https:\/\/byggis.fi\/sv\/startsida\/"},{"@type":"ListItem","position":2,"name":"F\u00f6rs\u00e4ljning"}]},{"@type":"WebSite","@id":"https:\/\/byggis.fi\/#website","url":"https:\/\/byggis.fi\/","name":"Byggis","description":"Taalintehtaan rakennuspalvelu Oy on pieni mutta dynaaminen rakennusalan yritys","publisher":{"@id":"https:\/\/byggis.fi\/#organization"},"potentialAction":[{"@type":"SearchAction","target":{"@type":"EntryPoint","urlTemplate":"https:\/\/byggis.fi\/?s={search_term_string}"},"query-input":{"@type":"PropertyValueSpecification","valueRequired":true,"valueName":"search_term_string"}}],"inLanguage":"sv-SE"},{"@type":"Organization","@id":"https:\/\/byggis.fi\/#organization","name":"Taalintehtaan Rakennuspalvelu Oy","url":"https:\/\/byggis.fi\/","logo":{"@type":"ImageObject","inLanguage":"sv-SE","@id":"https:\/\/byggis.fi\/#\/schema\/logo\/image\/","url":"https:\/\/byggis.fi\/wp-content\/uploads\/2025\/09\/logo.jpg","contentUrl":"https:\/\/byggis.fi\/wp-content\/uploads\/2025\/09\/logo.jpg","width":178,"height":74,"caption":"Taalintehtaan Rakennuspalvelu Oy"},"image":{"@id":"https:\/\/byggis.fi\/#\/schema\/logo\/image\/"}}]}},"_links":{"self":[{"href":"https:\/\/byggis.fi\/sv\/wp-json\/wp\/v2\/pages\/686","targetHints":{"allow":["GET"]}}],"collection":[{"href":"https:\/\/byggis.fi\/sv\/wp-json\/wp\/v2\/pages"}],"about":[{"href":"https:\/\/byggis.fi\/sv\/wp-json\/wp\/v2\/types\/page"}],"author":[{"embeddable":true,"href":"https:\/\/byggis.fi\/sv\/wp-json\/wp\/v2\/users\/3"}],"replies":[{"embeddable":true,"href":"https:\/\/byggis.fi\/sv\/wp-json\/wp\/v2\/comments?post=686"}],"version-history":[{"count":3,"href":"https:\/\/byggis.fi\/sv\/wp-json\/wp\/v2\/pages\/686\/revisions"}],"predecessor-version":[{"id":745,"href":"https:\/\/byggis.fi\/sv\/wp-json\/wp\/v2\/pages\/686\/revisions\/745"}],"wp:attachment":[{"href":"https:\/\/byggis.fi\/sv\/wp-json\/wp\/v2\/media?parent=686"}],"curies":[{"name":"wp","href":"https:\/\/api.w.org\/{rel}","templated":true}]}}